{"id":11368,"date":"2021-02-16T18:41:54","date_gmt":"2021-02-16T18:41:54","guid":{"rendered":"https:\/\/xcapeonline.com\/es\/?page_id=11368"},"modified":"2025-07-03T07:29:26","modified_gmt":"2025-07-03T07:29:26","slug":"promociones-xcape-estudiantes","status":"publish","type":"page","link":"https:\/\/xcapeonline.com\/es\/promociones-xcape-estudiantes\/","title":{"rendered":"Promociones web"},"content":{"rendered":"\t\t<div data-elementor-type=\"wp-page\" data-elementor-id=\"11368\" class=\"elementor elementor-11368\">\n\t\t\t\t\t\t<section class=\"elementor-section elementor-top-section elementor-element elementor-element-4ced5a84 elementor-section-height-min-height elementor-section-content-middle elementor-section-boxed elementor-section-height-default elementor-section-items-middle\" data-id=\"4ced5a84\" data-element_type=\"section\" data-settings=\"{&quot;background_background&quot;:&quot;classic&quot;}\">\n\t\t\t\t\t\t\t<div class=\"elementor-background-overlay\"><\/div>\n\t\t\t\t\t\t\t<div class=\"elementor-container elementor-column-gap-default\">\n\t\t\t\t\t<div class=\"elementor-column elementor-col-100 elementor-top-column elementor-element elementor-element-35abaab8\" data-id=\"35abaab8\" data-element_type=\"column\">\n\t\t\t<div class=\"elementor-widget-wrap elementor-element-populated\">\n\t\t\t\t\t\t<div class=\"elementor-element elementor-element-35b2ba0 elementor-widget elementor-widget-heading\" data-id=\"35b2ba0\" data-element_type=\"widget\" data-widget_type=\"heading.default\">\n\t\t\t\t<div class=\"elementor-widget-container\">\n\t\t\t<h1 class=\"elementor-heading-title elementor-size-default\">PROMOCIONES ONLY BY XCAPE<\/h1>\t\t<\/div>\n\t\t\t\t<\/div>\n\t\t\t\t\t<\/div>\n\t\t<\/div>\n\t\t\t\t\t<\/div>\n\t\t<\/section>\n\t\t\t\t<section class=\"elementor-section elementor-top-section elementor-element elementor-element-14133a76 elementor-section-content-middle elementor-section-boxed elementor-section-height-default elementor-section-height-default\" data-id=\"14133a76\" data-element_type=\"section\" data-settings=\"{&quot;background_background&quot;:&quot;classic&quot;}\">\n\t\t\t\t\t\t\t<div class=\"elementor-background-overlay\"><\/div>\n\t\t\t\t\t\t\t<div class=\"elementor-container elementor-column-gap-no\">\n\t\t\t\t\t<div class=\"elementor-column elementor-col-100 elementor-top-column elementor-element elementor-element-4ae77a5b\" data-id=\"4ae77a5b\" data-element_type=\"column\">\n\t\t\t<div class=\"elementor-widget-wrap elementor-element-populated\">\n\t\t\t\t\t\t<div class=\"elementor-element elementor-element-7114d0b8 elementor-widget elementor-widget-heading\" data-id=\"7114d0b8\" data-element_type=\"widget\" data-widget_type=\"heading.default\">\n\t\t\t\t<div class=\"elementor-widget-container\">\n\t\t\t<h3 class=\"elementor-heading-title elementor-size-default\">PON FIREBALL EN TU FIESTA<\/h3>\t\t<\/div>\n\t\t\t\t<\/div>\n\t\t\t\t\t<\/div>\n\t\t<\/div>\n\t\t\t\t\t<\/div>\n\t\t<\/section>\n\t\t\t\t<section class=\"elementor-section elementor-top-section elementor-element elementor-element-f6d90fa elementor-section-boxed elementor-section-height-default elementor-section-height-default\" data-id=\"f6d90fa\" data-element_type=\"section\">\n\t\t\t\t\t\t<div class=\"elementor-container elementor-column-gap-default\">\n\t\t\t\t\t<div class=\"elementor-column elementor-col-100 elementor-top-column elementor-element elementor-element-c8fc8c7\" data-id=\"c8fc8c7\" data-element_type=\"column\">\n\t\t\t<div class=\"elementor-widget-wrap elementor-element-populated\">\n\t\t\t\t\t\t<div class=\"elementor-element elementor-element-be3904d elementor-widget elementor-widget-spacer\" data-id=\"be3904d\" data-element_type=\"widget\" data-widget_type=\"spacer.default\">\n\t\t\t\t<div class=\"elementor-widget-container\">\n\t\t\t\t\t<div class=\"elementor-spacer\">\n\t\t\t<div class=\"elementor-spacer-inner\"><\/div>\n\t\t<\/div>\n\t\t\t\t<\/div>\n\t\t\t\t<\/div>\n\t\t\t\t<div class=\"elementor-element elementor-element-e6bf9c3 elementor-widget elementor-widget-heading\" data-id=\"e6bf9c3\" data-element_type=\"widget\" data-widget_type=\"heading.default\">\n\t\t\t\t<div class=\"elementor-widget-container\">\n\t\t\t<h2 class=\"elementor-heading-title elementor-size-default\">EN XCAPE SI ORGANIZAS UNA FIESTA TE REGALAMOS CHUPITOS<\/h2>\t\t<\/div>\n\t\t\t\t<\/div>\n\t\t\t\t\t<\/div>\n\t\t<\/div>\n\t\t\t\t\t<\/div>\n\t\t<\/section>\n\t\t\t\t<section class=\"elementor-section elementor-top-section elementor-element elementor-element-1c3bbef elementor-section-boxed elementor-section-height-default elementor-section-height-default\" data-id=\"1c3bbef\" data-element_type=\"section\">\n\t\t\t\t\t\t<div class=\"elementor-container elementor-column-gap-default\">\n\t\t\t\t\t<div class=\"elementor-column elementor-col-100 elementor-top-column elementor-element elementor-element-942f8ec\" data-id=\"942f8ec\" data-element_type=\"column\">\n\t\t\t<div class=\"elementor-widget-wrap elementor-element-populated\">\n\t\t\t\t\t\t<div class=\"elementor-element elementor-element-e5a7751 elementor-widget elementor-widget-text-editor\" data-id=\"e5a7751\" data-element_type=\"widget\" data-widget_type=\"text-editor.default\">\n\t\t\t\t<div class=\"elementor-widget-container\">\n\t\t\t\t\t\t\t<p style=\"text-align: center;\">Sabemos que lo que te va es organizar. Que tus compa\u00f1eros &amp; friends te van a recordar toda la vida por haberles planificado el mejor viaje ever.<\/p><p style=\"text-align: center;\">Es por eso que si tienes alguna fiesta d\u00f3nde eres el promotor o el que se encarga de que todo salga de diez \ud83d\ude09 queremos que sepas que hemos llegado a un acuerdo con Fireball para darte botellas free by the face \ud83d\ude1b<\/p>\t\t\t\t\t\t<\/div>\n\t\t\t\t<\/div>\n\t\t\t\t\t<\/div>\n\t\t<\/div>\n\t\t\t\t\t<\/div>\n\t\t<\/section>\n\t\t\t\t<section class=\"elementor-section elementor-top-section elementor-element elementor-element-9daac7a elementor-section-boxed elementor-section-height-default elementor-section-height-default\" data-id=\"9daac7a\" data-element_type=\"section\">\n\t\t\t\t\t\t<div class=\"elementor-container elementor-column-gap-default\">\n\t\t\t\t\t<div class=\"elementor-column elementor-col-33 elementor-top-column elementor-element elementor-element-fc87945\" data-id=\"fc87945\" data-element_type=\"column\">\n\t\t\t<div class=\"elementor-widget-wrap elementor-element-populated\">\n\t\t\t\t\t\t<div class=\"elementor-element elementor-element-7d4e123 elementor-widget elementor-widget-text-editor\" data-id=\"7d4e123\" data-element_type=\"widget\" data-widget_type=\"text-editor.default\">\n\t\t\t\t<div class=\"elementor-widget-container\">\n\t\t\t\t\t\t\t<h3><b style=\"font-family: inherit; font-size: 1.25rem; color: #ff6600;\">FEEL YOUR FEELINGS. FEEL FIREBALL<\/b><\/h3><p><b>La fiesta de tu vida en 3,2,1. \u00bfQuieres saber c\u00f3mo? Escribe a este n\u00famero y te contamos\u00a0<\/b><\/p>\t\t\t\t\t\t<\/div>\n\t\t\t\t<\/div>\n\t\t\t\t<div class=\"elementor-element elementor-element-27f7726 elementor-button-success elementor-mobile-align-center elementor-align-center elementor-widget elementor-widget-button\" data-id=\"27f7726\" data-element_type=\"widget\" data-widget_type=\"button.default\">\n\t\t\t\t<div class=\"elementor-widget-container\">\n\t\t\t\t\t<div class=\"elementor-button-wrapper\">\n\t\t\t<a class=\"elementor-button elementor-button-link elementor-size-sm\" href=\"https:\/\/api.whatsapp.com\/message\/HO5UTSERCZDAN1?autoload=1&#038;app_absent=0\" target=\"_blank\">\n\t\t\t\t\t\t<span class=\"elementor-button-content-wrapper\">\n\t\t\t\t\t\t\t\t\t<span class=\"elementor-button-text\">Escr\u00edbenos aqu\u00ed y desc\u00fabrelo<\/span>\n\t\t\t\t\t<\/span>\n\t\t\t\t\t<\/a>\n\t\t<\/div>\n\t\t\t\t<\/div>\n\t\t\t\t<\/div>\n\t\t\t\t\t<\/div>\n\t\t<\/div>\n\t\t\t\t<div class=\"elementor-column elementor-col-33 elementor-top-column elementor-element elementor-element-4dda6e5\" data-id=\"4dda6e5\" data-element_type=\"column\">\n\t\t\t<div class=\"elementor-widget-wrap elementor-element-populated\">\n\t\t\t\t\t\t<div class=\"elementor-element elementor-element-e766262 elementor-widget elementor-widget-image\" data-id=\"e766262\" data-element_type=\"widget\" data-widget_type=\"image.default\">\n\t\t\t\t<div class=\"elementor-widget-container\">\n\t\t\t\t\t\t\t\t\t\t\t\t\t<img fetchpriority=\"high\" decoding=\"async\" width=\"800\" height=\"800\" src=\"https:\/\/xcapeonline.com\/es\/wp-content\/uploads\/2022\/11\/Fireball_Whisky_Logo_Four_Color-1024x1024.png\" class=\"attachment-large size-large wp-image-15965\" alt=\"\" srcset=\"https:\/\/xcapeonline.com\/es\/wp-content\/uploads\/2022\/11\/Fireball_Whisky_Logo_Four_Color-1024x1024.png 1024w, https:\/\/xcapeonline.com\/es\/wp-content\/uploads\/2022\/11\/Fireball_Whisky_Logo_Four_Color-300x300.png 300w, https:\/\/xcapeonline.com\/es\/wp-content\/uploads\/2022\/11\/Fireball_Whisky_Logo_Four_Color-150x150.png 150w, https:\/\/xcapeonline.com\/es\/wp-content\/uploads\/2022\/11\/Fireball_Whisky_Logo_Four_Color-768x768.png 768w, https:\/\/xcapeonline.com\/es\/wp-content\/uploads\/2022\/11\/Fireball_Whisky_Logo_Four_Color-600x600.png 600w, https:\/\/xcapeonline.com\/es\/wp-content\/uploads\/2022\/11\/Fireball_Whisky_Logo_Four_Color-100x100.png 100w, https:\/\/xcapeonline.com\/es\/wp-content\/uploads\/2022\/11\/Fireball_Whisky_Logo_Four_Color.png 1200w\" sizes=\"(max-width: 800px) 100vw, 800px\" \/>\t\t\t\t\t\t\t\t\t\t\t\t\t<\/div>\n\t\t\t\t<\/div>\n\t\t\t\t\t<\/div>\n\t\t<\/div>\n\t\t\t\t<div class=\"elementor-column elementor-col-33 elementor-top-column elementor-element elementor-element-b73b9e0\" data-id=\"b73b9e0\" data-element_type=\"column\">\n\t\t\t<div class=\"elementor-widget-wrap\">\n\t\t\t\t\t\t\t<\/div>\n\t\t<\/div>\n\t\t\t\t\t<\/div>\n\t\t<\/section>\n\t\t\t\t<section class=\"elementor-section elementor-top-section elementor-element elementor-element-587837f elementor-section-boxed elementor-section-height-default elementor-section-height-default\" data-id=\"587837f\" data-element_type=\"section\">\n\t\t\t\t\t\t<div class=\"elementor-container elementor-column-gap-default\">\n\t\t\t\t\t<div class=\"elementor-column elementor-col-100 elementor-top-column elementor-element elementor-element-693dee0\" data-id=\"693dee0\" data-element_type=\"column\">\n\t\t\t<div class=\"elementor-widget-wrap elementor-element-populated\">\n\t\t\t\t\t\t<div class=\"elementor-element elementor-element-2bc46b8 elementor-widget-divider--view-line elementor-widget elementor-widget-divider\" data-id=\"2bc46b8\" data-element_type=\"widget\" data-widget_type=\"divider.default\">\n\t\t\t\t<div class=\"elementor-widget-container\">\n\t\t\t\t\t<div class=\"elementor-divider\">\n\t\t\t<span class=\"elementor-divider-separator\">\n\t\t\t\t\t\t<\/span>\n\t\t<\/div>\n\t\t\t\t<\/div>\n\t\t\t\t<\/div>\n\t\t\t\t<div class=\"elementor-element elementor-element-a4b8427 elementor-widget elementor-widget-spacer\" data-id=\"a4b8427\" data-element_type=\"widget\" data-widget_type=\"spacer.default\">\n\t\t\t\t<div class=\"elementor-widget-container\">\n\t\t\t\t\t<div class=\"elementor-spacer\">\n\t\t\t<div class=\"elementor-spacer-inner\"><\/div>\n\t\t<\/div>\n\t\t\t\t<\/div>\n\t\t\t\t<\/div>\n\t\t\t\t\t<\/div>\n\t\t<\/div>\n\t\t\t\t\t<\/div>\n\t\t<\/section>\n\t\t\t\t<\/div>\n\t\t","protected":false},"excerpt":{"rendered":"<p>PROMOCIONES ONLY BY XCAPE PON FIREBALL EN TU FIESTA EN XCAPE SI ORGANIZAS UNA FIESTA TE REGALAMOS CHUPITOS Sabemos que lo que te va es organizar. Que tus compa\u00f1eros &amp; friends te van a recordar toda la vida por haberles planificado el mejor viaje ever. Es por eso que si tienes alguna fiesta d\u00f3nde eres [&hellip;]<\/p>\n","protected":false},"author":1,"featured_media":4294,"parent":0,"menu_order":0,"comment_status":"closed","ping_status":"closed","template":"elementor_header_footer","meta":{"content-type":"","_joinchat":[],"footnotes":""},"yoast_head":"<!-- This site is optimized with the Yoast SEO plugin v22.7 - https:\/\/yoast.com\/wordpress\/plugins\/seo\/ -->\n<title>Promociones Viajes para Estudiantes - XCAPE<\/title>\n<meta name=\"description\" content=\"Encuentra aqu\u00ed todas las promociones de viajes para estudiantes y universitarios. Somos una agencia de viajes especializada en viajes de fin de curso.\" \/>\n<meta name=\"robots\" content=\"noindex, follow\" \/>\n<meta property=\"og:locale\" content=\"es_ES\" \/>\n<meta property=\"og:type\" content=\"article\" \/>\n<meta property=\"og:title\" content=\"Promociones Viajes para Estudiantes - XCAPE\" \/>\n<meta property=\"og:description\" content=\"Encuentra aqu\u00ed todas las promociones de viajes para estudiantes y universitarios. Somos una agencia de viajes especializada en viajes de fin de curso.\" \/>\n<meta property=\"og:url\" content=\"https:\/\/xcapeonline.com\/es\/promociones-xcape-estudiantes\/\" \/>\n<meta property=\"og:site_name\" content=\"XCAPE\" \/>\n<meta property=\"article:publisher\" content=\"https:\/\/www.facebook.com\/XcapeOficial\/\" \/>\n<meta property=\"article:modified_time\" content=\"2025-07-03T07:29:26+00:00\" \/>\n<meta property=\"og:image\" content=\"https:\/\/xcapeonline.com\/es\/wp-content\/uploads\/2020\/01\/Logo-Xcape.png\" \/>\n\t<meta property=\"og:image:width\" content=\"2598\" \/>\n\t<meta property=\"og:image:height\" content=\"2598\" \/>\n\t<meta property=\"og:image:type\" content=\"image\/png\" \/>\n<meta name=\"twitter:card\" content=\"summary_large_image\" \/>\n<meta name=\"twitter:site\" content=\"@_Xcape\" \/>\n<meta name=\"twitter:label1\" content=\"Tiempo de lectura\" \/>\n\t<meta name=\"twitter:data1\" content=\"1 minuto\" \/>\n<script type=\"application\/ld+json\" class=\"yoast-schema-graph\">{\"@context\":\"https:\/\/schema.org\",\"@graph\":[{\"@type\":\"WebPage\",\"@id\":\"https:\/\/xcapeonline.com\/es\/promociones-xcape-estudiantes\/\",\"url\":\"https:\/\/xcapeonline.com\/es\/promociones-xcape-estudiantes\/\",\"name\":\"Promociones Viajes para Estudiantes - XCAPE\",\"isPartOf\":{\"@id\":\"https:\/\/xcapeonline.com\/es\/#website\"},\"primaryImageOfPage\":{\"@id\":\"https:\/\/xcapeonline.com\/es\/promociones-xcape-estudiantes\/#primaryimage\"},\"image\":{\"@id\":\"https:\/\/xcapeonline.com\/es\/promociones-xcape-estudiantes\/#primaryimage\"},\"thumbnailUrl\":\"https:\/\/xcapeonline.com\/es\/wp-content\/uploads\/2020\/01\/Logo-Xcape.png\",\"datePublished\":\"2021-02-16T18:41:54+00:00\",\"dateModified\":\"2025-07-03T07:29:26+00:00\",\"description\":\"Encuentra aqu\u00ed todas las promociones de viajes para estudiantes y universitarios. Somos una agencia de viajes especializada en viajes de fin de curso.\",\"breadcrumb\":{\"@id\":\"https:\/\/xcapeonline.com\/es\/promociones-xcape-estudiantes\/#breadcrumb\"},\"inLanguage\":\"es\",\"potentialAction\":[{\"@type\":\"ReadAction\",\"target\":[\"https:\/\/xcapeonline.com\/es\/promociones-xcape-estudiantes\/\"]}]},{\"@type\":\"ImageObject\",\"inLanguage\":\"es\",\"@id\":\"https:\/\/xcapeonline.com\/es\/promociones-xcape-estudiantes\/#primaryimage\",\"url\":\"https:\/\/xcapeonline.com\/es\/wp-content\/uploads\/2020\/01\/Logo-Xcape.png\",\"contentUrl\":\"https:\/\/xcapeonline.com\/es\/wp-content\/uploads\/2020\/01\/Logo-Xcape.png\",\"width\":2598,\"height\":2598,\"caption\":\"LOGO XCAPE\"},{\"@type\":\"BreadcrumbList\",\"@id\":\"https:\/\/xcapeonline.com\/es\/promociones-xcape-estudiantes\/#breadcrumb\",\"itemListElement\":[{\"@type\":\"ListItem\",\"position\":1,\"name\":\"Portada\",\"item\":\"https:\/\/xcapeonline.com\/es\/\"},{\"@type\":\"ListItem\",\"position\":2,\"name\":\"Promociones web\"}]},{\"@type\":\"WebSite\",\"@id\":\"https:\/\/xcapeonline.com\/es\/#website\",\"url\":\"https:\/\/xcapeonline.com\/es\/\",\"name\":\"XCAPE\",\"description\":\"Viajes de Fin de Carrera y Fin de Curso | Descubre la Experiencia\",\"publisher\":{\"@id\":\"https:\/\/xcapeonline.com\/es\/#organization\"},\"potentialAction\":[{\"@type\":\"SearchAction\",\"target\":{\"@type\":\"EntryPoint\",\"urlTemplate\":\"https:\/\/xcapeonline.com\/es\/?s={search_term_string}\"},\"query-input\":\"required name=search_term_string\"}],\"inLanguage\":\"es\"},{\"@type\":\"Organization\",\"@id\":\"https:\/\/xcapeonline.com\/es\/#organization\",\"name\":\"Xcape: Agencia de viajes para estudiantes y universitarios\",\"alternateName\":\"Xcape\",\"url\":\"https:\/\/xcapeonline.com\/es\/\",\"logo\":{\"@type\":\"ImageObject\",\"inLanguage\":\"es\",\"@id\":\"https:\/\/xcapeonline.com\/es\/#\/schema\/logo\/image\/\",\"url\":\"https:\/\/xcapeonline.com\/es\/wp-content\/uploads\/2024\/07\/logotipo-xcapeonline.jpg\",\"contentUrl\":\"https:\/\/xcapeonline.com\/es\/wp-content\/uploads\/2024\/07\/logotipo-xcapeonline.jpg\",\"width\":696,\"height\":696,\"caption\":\"Xcape: Agencia de viajes para estudiantes y universitarios\"},\"image\":{\"@id\":\"https:\/\/xcapeonline.com\/es\/#\/schema\/logo\/image\/\"},\"sameAs\":[\"https:\/\/www.facebook.com\/XcapeOficial\/\",\"https:\/\/x.com\/_Xcape\",\"https:\/\/www.instagram.com\/xcape_spain\/\",\"https:\/\/www.youtube.com\/user\/XCAPEOFICIAL\",\"https:\/\/maps.app.goo.gl\/ydnDoboY7mHHpAE86\"]}]}<\/script>\n<!-- \/ Yoast SEO plugin. -->","yoast_head_json":{"title":"Promociones Viajes para Estudiantes - XCAPE","description":"Encuentra aqu\u00ed todas las promociones de viajes para estudiantes y universitarios. Somos una agencia de viajes especializada en viajes de fin de curso.","robots":{"index":"noindex","follow":"follow"},"og_locale":"es_ES","og_type":"article","og_title":"Promociones Viajes para Estudiantes - XCAPE","og_description":"Encuentra aqu\u00ed todas las promociones de viajes para estudiantes y universitarios. Somos una agencia de viajes especializada en viajes de fin de curso.","og_url":"https:\/\/xcapeonline.com\/es\/promociones-xcape-estudiantes\/","og_site_name":"XCAPE","article_publisher":"https:\/\/www.facebook.com\/XcapeOficial\/","article_modified_time":"2025-07-03T07:29:26+00:00","og_image":[{"width":2598,"height":2598,"url":"https:\/\/xcapeonline.com\/es\/wp-content\/uploads\/2020\/01\/Logo-Xcape.png","type":"image\/png"}],"twitter_card":"summary_large_image","twitter_site":"@_Xcape","twitter_misc":{"Tiempo de lectura":"1 minuto"},"schema":{"@context":"https:\/\/schema.org","@graph":[{"@type":"WebPage","@id":"https:\/\/xcapeonline.com\/es\/promociones-xcape-estudiantes\/","url":"https:\/\/xcapeonline.com\/es\/promociones-xcape-estudiantes\/","name":"Promociones Viajes para Estudiantes - XCAPE","isPartOf":{"@id":"https:\/\/xcapeonline.com\/es\/#website"},"primaryImageOfPage":{"@id":"https:\/\/xcapeonline.com\/es\/promociones-xcape-estudiantes\/#primaryimage"},"image":{"@id":"https:\/\/xcapeonline.com\/es\/promociones-xcape-estudiantes\/#primaryimage"},"thumbnailUrl":"https:\/\/xcapeonline.com\/es\/wp-content\/uploads\/2020\/01\/Logo-Xcape.png","datePublished":"2021-02-16T18:41:54+00:00","dateModified":"2025-07-03T07:29:26+00:00","description":"Encuentra aqu\u00ed todas las promociones de viajes para estudiantes y universitarios. Somos una agencia de viajes especializada en viajes de fin de curso.","breadcrumb":{"@id":"https:\/\/xcapeonline.com\/es\/promociones-xcape-estudiantes\/#breadcrumb"},"inLanguage":"es","potentialAction":[{"@type":"ReadAction","target":["https:\/\/xcapeonline.com\/es\/promociones-xcape-estudiantes\/"]}]},{"@type":"ImageObject","inLanguage":"es","@id":"https:\/\/xcapeonline.com\/es\/promociones-xcape-estudiantes\/#primaryimage","url":"https:\/\/xcapeonline.com\/es\/wp-content\/uploads\/2020\/01\/Logo-Xcape.png","contentUrl":"https:\/\/xcapeonline.com\/es\/wp-content\/uploads\/2020\/01\/Logo-Xcape.png","width":2598,"height":2598,"caption":"LOGO XCAPE"},{"@type":"BreadcrumbList","@id":"https:\/\/xcapeonline.com\/es\/promociones-xcape-estudiantes\/#breadcrumb","itemListElement":[{"@type":"ListItem","position":1,"name":"Portada","item":"https:\/\/xcapeonline.com\/es\/"},{"@type":"ListItem","position":2,"name":"Promociones web"}]},{"@type":"WebSite","@id":"https:\/\/xcapeonline.com\/es\/#website","url":"https:\/\/xcapeonline.com\/es\/","name":"XCAPE","description":"Viajes de Fin de Carrera y Fin de Curso | Descubre la Experiencia","publisher":{"@id":"https:\/\/xcapeonline.com\/es\/#organization"},"potentialAction":[{"@type":"SearchAction","target":{"@type":"EntryPoint","urlTemplate":"https:\/\/xcapeonline.com\/es\/?s={search_term_string}"},"query-input":"required name=search_term_string"}],"inLanguage":"es"},{"@type":"Organization","@id":"https:\/\/xcapeonline.com\/es\/#organization","name":"Xcape: Agencia de viajes para estudiantes y universitarios","alternateName":"Xcape","url":"https:\/\/xcapeonline.com\/es\/","logo":{"@type":"ImageObject","inLanguage":"es","@id":"https:\/\/xcapeonline.com\/es\/#\/schema\/logo\/image\/","url":"https:\/\/xcapeonline.com\/es\/wp-content\/uploads\/2024\/07\/logotipo-xcapeonline.jpg","contentUrl":"https:\/\/xcapeonline.com\/es\/wp-content\/uploads\/2024\/07\/logotipo-xcapeonline.jpg","width":696,"height":696,"caption":"Xcape: Agencia de viajes para estudiantes y universitarios"},"image":{"@id":"https:\/\/xcapeonline.com\/es\/#\/schema\/logo\/image\/"},"sameAs":["https:\/\/www.facebook.com\/XcapeOficial\/","https:\/\/x.com\/_Xcape","https:\/\/www.instagram.com\/xcape_spain\/","https:\/\/www.youtube.com\/user\/XCAPEOFICIAL","https:\/\/maps.app.goo.gl\/ydnDoboY7mHHpAE86"]}]}},"_links":{"self":[{"href":"https:\/\/xcapeonline.com\/es\/wp-json\/wp\/v2\/pages\/11368"}],"collection":[{"href":"https:\/\/xcapeonline.com\/es\/wp-json\/wp\/v2\/pages"}],"about":[{"href":"https:\/\/xcapeonline.com\/es\/wp-json\/wp\/v2\/types\/page"}],"author":[{"embeddable":true,"href":"https:\/\/xcapeonline.com\/es\/wp-json\/wp\/v2\/users\/1"}],"replies":[{"embeddable":true,"href":"https:\/\/xcapeonline.com\/es\/wp-json\/wp\/v2\/comments?post=11368"}],"version-history":[{"count":63,"href":"https:\/\/xcapeonline.com\/es\/wp-json\/wp\/v2\/pages\/11368\/revisions"}],"predecessor-version":[{"id":15980,"href":"https:\/\/xcapeonline.com\/es\/wp-json\/wp\/v2\/pages\/11368\/revisions\/15980"}],"wp:featuredmedia":[{"embeddable":true,"href":"https:\/\/xcapeonline.com\/es\/wp-json\/wp\/v2\/media\/4294"}],"wp:attachment":[{"href":"https:\/\/xcapeonline.com\/es\/wp-json\/wp\/v2\/media?parent=11368"}],"curies":[{"name":"wp","href":"https:\/\/api.w.org\/{rel}","templated":true}]}}