{"id":4306,"date":"2020-01-09T16:59:57","date_gmt":"2020-01-09T16:59:57","guid":{"rendered":"http:\/\/xcape.innovabit.com\/?page_id=4306"},"modified":"2026-02-23T14:08:54","modified_gmt":"2026-02-23T14:08:54","slug":"politicas-de-privacidad","status":"publish","type":"page","link":"https:\/\/xcapeonline.com\/es\/politicas-de-privacidad\/","title":{"rendered":"Pol\u00edticas de Privacidad"},"content":{"rendered":"\t\t<div data-elementor-type=\"wp-page\" data-elementor-id=\"4306\" class=\"elementor elementor-4306\">\n\t\t\t\t\t\t<section class=\"elementor-section elementor-top-section elementor-element elementor-element-5ac99df elementor-section-stretched elementor-section-full_width elementor-section-height-default elementor-section-height-default\" data-id=\"5ac99df\" data-element_type=\"section\" data-settings=\"{&quot;stretch_section&quot;:&quot;section-stretched&quot;}\">\n\t\t\t\t\t\t<div class=\"elementor-container elementor-column-gap-default\">\n\t\t\t\t\t<div class=\"elementor-column elementor-col-100 elementor-top-column elementor-element elementor-element-81c8e43\" data-id=\"81c8e43\" data-element_type=\"column\">\n\t\t\t<div class=\"elementor-widget-wrap elementor-element-populated\">\n\t\t\t\t\t\t<div class=\"elementor-element elementor-element-0ced2c4 elementor-widget elementor-widget-heading\" data-id=\"0ced2c4\" data-element_type=\"widget\" data-widget_type=\"heading.default\">\n\t\t\t\t<div class=\"elementor-widget-container\">\n\t\t\t<h2 class=\"elementor-heading-title elementor-size-default\">POL\u00cdTICAS DE PRIVACIDAD<\/h2>\t\t<\/div>\n\t\t\t\t<\/div>\n\t\t\t\t\t<\/div>\n\t\t<\/div>\n\t\t\t\t\t<\/div>\n\t\t<\/section>\n\t\t\t\t<section class=\"elementor-section elementor-top-section elementor-element elementor-element-c23b4ec elementor-section-boxed elementor-section-height-default elementor-section-height-default\" data-id=\"c23b4ec\" data-element_type=\"section\">\n\t\t\t\t\t\t<div class=\"elementor-container elementor-column-gap-default\">\n\t\t\t\t\t<div class=\"elementor-column elementor-col-100 elementor-top-column elementor-element elementor-element-ded62b1\" data-id=\"ded62b1\" data-element_type=\"column\">\n\t\t\t<div class=\"elementor-widget-wrap elementor-element-populated\">\n\t\t\t\t\t\t<div class=\"elementor-element elementor-element-4665608 elementor-widget elementor-widget-text-editor\" data-id=\"4665608\" data-element_type=\"widget\" data-widget_type=\"text-editor.default\">\n\t\t\t\t<div class=\"elementor-widget-container\">\n\t\t\t\t\t\t\t<p><strong>1.- \u00bfQui\u00e9n es el responsable del tratamiento de sus datos?<\/strong><\/p><p>El responsable del tratamiento de sus datos personales es XCAPE CANC\u00daN, S.L. (en adelante, \u201c<strong><em>XCAPE<\/em><\/strong>\u201d), con N.I.F. B-85233187 y domicilio social en Paseo de la Castellana 194, 28046, Madrid.<\/p><p>Le informamos que la titularidad del dominio de nuestra web www.xcape.es (en adelante el \u201c<strong><em>Sitio Web<\/em><\/strong>\u201d), es de XCAPE.<\/p><p>El acceso y\/o uso al Sitio Web le atribuye la condici\u00f3n de Usuario (en adelante, el \u00ab<strong><em>Usuario<\/em><\/strong>\u00ab), e implica la aceptaci\u00f3n, desde dicho acceso y\/o uso, de la presente Pol\u00edtica de Privacidad.<\/p><p>El Usuario podr\u00e1 contactar con XCAPE en la siguiente direcci\u00f3n de correo electr\u00f3nico: contacto@xcapeonline.com.<\/p><p><strong>2.- \u00bfPor qu\u00e9 XCAPE est\u00e1 legitimado para llevar a cabo el tratamiento de datos?<\/strong><\/p><p>XCAPE est\u00e1 legitimado para tratar sus datos para poder llevar a cabo la prestaci\u00f3n de sus servicios.<\/p><p>XCAPE se toma muy en serio la protecci\u00f3n de su privacidad y de sus datos personales. Por lo tanto, su informaci\u00f3n personal se conserva de forma segura y se trata con el m\u00e1ximo cuidado.<\/p><p>La presente Pol\u00edtica de Privacidad regula el acceso y el uso al servicio (en adelante, el \u201c<strong><em>Servicio<\/em><\/strong>\u201d) que XCAPE pone a disposici\u00f3n del Usuario interesado en los servicios y Contenidos alojados en el Sitio Web.<\/p><p>En este sentido, las bases de legitimaci\u00f3n utilizadas por XCAPE para el tratamiento de los datos de los Usuarios son:<\/p><ul><li>La ejecuci\u00f3n del contrato.<\/li><li>El consentimiento de los Usuarios al tratamiento de sus datos personales.<\/li><li>El inter\u00e9s leg\u00edtimo.<\/li><\/ul><p>Por lo que respecta a este \u00faltimo, el Usuario podr\u00e1 retirar el consentimiento en cualquier momento mandando un mensaje a la siguiente direcci\u00f3n de correo electr\u00f3nico: , sin que ello afecte a la licitud del tratamiento basado en el consentimiento previo a su retirada.<\/p><p><strong>3.- \u00bfCu\u00e1les son<\/strong><strong> las<\/strong> <strong>finalidades del tratamiento de sus datos de car<\/strong><strong>\u00e1cter personal<\/strong><strong> por parte de<\/strong> <strong>XCAPE<\/strong><strong>?<\/strong><\/p><p>Sus datos de car\u00e1cter personal recabados por XCAPE podr\u00e1n ser utilizados para las siguientes finalidades:<\/p><ul><li>La prestaci\u00f3n de los servicios ofrecidos por XCAPE.<\/li><\/ul><p>La prestaci\u00f3n de nuestros servicios puede incluir transferencias internacionales de sus datos al pa\u00eds donde vaya a viajar el Usuario. En tal caso, nos aseguraremos de que cualquier proveedor cumpla con la legislaci\u00f3n en materia de protecci\u00f3n de datos.<\/p><ul><li>El env\u00edo de comunicaciones comerciales y\/o <em>Newsletter<\/em> de XCAPE sobre sus servicios mediante carta, tel\u00e9fono, correo electr\u00f3nico, SMS\/MMS, o por otros medios de comunicaci\u00f3n electr\u00f3nica equivalentes.<\/li><\/ul><p><strong>4.- Veracidad de los datos facilitados por los Usuarios y datos de menores<\/strong><\/p><p>El Usuario garantiza que los datos personales facilitados son veraces y se hace responsable de comunicar a XCAPE cualquier modificaci\u00f3n de los mismos. El Usuario responder\u00e1, en cualquier caso, de la veracidad de los datos facilitados, reserv\u00e1ndose XCAPE el derecho a excluir de los Servicios registrados a todo Usuario que haya facilitado datos falsos, sin perjuicio de las dem\u00e1s acciones que procedan en Derecho.<\/p><p><strong>5.-Conservaci\u00f3n de los datos<\/strong><\/p><p>XCAPE conservar\u00e1 los datos personales de los usuarios \u00fanicamente durante el tiempo necesario para la realizaci\u00f3n de las finalidades para las que fueron recogidos, mientras el Usuario no revoque los consentimientos otorgados. Posteriormente, en caso de ser necesario, XCAPE mantendr\u00e1 la informaci\u00f3n bloqueada los plazos legalmente establecidos.<\/p><p><strong>6.- Derechos del Usuario en relaci<\/strong><strong>\u00f3n con sus<\/strong><strong> datos<\/strong><\/p><p>El Usuario tiene derecho a<\/p><ul><li>Acceder a sus datos personales.<\/li><\/ul><ul><li>Solicitar la rectificaci\u00f3n de los datos inexactos<\/li><\/ul><ul><li>Solicitar su supresi\u00f3n.<\/li><\/ul><ul><li>Solicitar la limitaci\u00f3n del tratamiento de sus datos.<\/li><\/ul><ul><li>Oponerse al tratamiento de sus datos.<\/li><\/ul><ul><li>Solicitar su portabilidad.<\/li><\/ul><ul><li>No ser objeto de decisiones individuales automatizadas.<\/li><\/ul><ul><li>Adem\u00e1s, el Usuario podr\u00e1 ejercer su derecho al olvido.<\/li><\/ul><div>\u00a0<\/div><p>El Usuario puede ejercer todos estos derechos en la siguiente direcci\u00f3n de email <a href=\"mailto:contacto@xcapeonline.com\">contacto@xcapeonline.com<\/a> indicando el motivo de su petici\u00f3n <span style=\"font-weight: 400;\">y aportando una copia de su D.N.I.<\/span><\/p><p>El Usuario puede tambi\u00e9n enviar su petici\u00f3n por correo ordinario a la siguiente direcci\u00f3n:<\/p><p>XCAPE CANC\u00daN, S.L. Paseo de la Castellana 194, 28046, Madrid.<\/p><p>Sin perjuicio de cualquier otro recurso administrativo o acci\u00f3n judicial, el Usuario tendr\u00e1 derecho a presentar una reclamaci\u00f3n ante una Autoridad de Control, en particular en el Estado miembro en el que tenga su residencia habitual, lugar de trabajo o lugar de la supuesta infracci\u00f3n, en caso de que considere que el tratamiento de sus datos personales no es adecuado a la normativa, as\u00ed como en el caso de no ver satisfecho el ejercicio de sus derechos. La autoridad de control ante la que se haya presentado la reclamaci\u00f3n informar\u00e1 al reclamante sobre el curso y el resultado de la reclamaci\u00f3n.<\/p><p><strong>7.- Seguridad de los datos<\/strong><\/p><p>La protecci\u00f3n de la privacidad y los datos personales de los Usuarios es muy importante para XCAPE. Por lo tanto, XCAPE hace todo lo que est\u00e1 en su mano para impedir que sus datos se utilicen de forma inadecuada, permitiendo el acceso a los mismo \u00fanicamente a personal autorizado.<\/p><p>XCAPE mantiene los niveles de seguridad de protecci\u00f3n de datos personales conforme a la normativa aplicable y ha establecido todos los medios t\u00e9cnicos a su alcance para evitar la p\u00e9rdida, mal uso, alteraci\u00f3n, acceso no autorizado y robo de los datos que el Usuario facilite a trav\u00e9s del Sitio Web, sin perjuicio de informarle de que las medidas de seguridad en Internet no son inexpugnables.<\/p><p>XCAPE se compromete a cumplir con el deber de secreto y confidencialidad respecto de los datos personales de acuerdo con la legislaci\u00f3n aplicable, as\u00ed como a conferirles un tratamiento seguro en las cesiones y transferencias internacionales de datos que, en su caso, puedan producirse.<\/p><p>En aquellos servicios de la web que precisen registrarse como Usuario, se deber\u00e1 elegir una contrase\u00f1a. El Usuario es el responsable de mantener la confidencialidad de esta contrase\u00f1a, as\u00ed como de todas las actividades que ocurran en la sesi\u00f3n iniciada con su nombre y contrase\u00f1a.<\/p><p>El Usuario se compromete a notificar a XCAPE a la mayor brevedad el uso no autorizado de su nombre de Usuario y\/o contrase\u00f1a o cualquier otro fallo en la seguridad. XCAPE no ser\u00e1 responsable por los da\u00f1os o p\u00e9rdidas que se pudieran originar debido al no cumplimiento de esta obligaci\u00f3n por parte del Usuario.<\/p><p><strong>8.-Cambios<\/strong><\/p><p>XCAPE se reserva el derecho de revisar su Pol\u00edtica de Privacidad en el momento que considere oportuno. Por esta raz\u00f3n, le rogamos que compruebe de forma regular esta Pol\u00edtica de Privacidad para leer la versi\u00f3n m\u00e1s reciente de la misma.<\/p><p>No obstante, cualquier cambio que se produzca en la presente Pol\u00edtica de Privacidad se comunicar\u00e1 al Usuario.<\/p><p><strong>9.- Links a p\u00e1ginas web<\/strong><\/p><p>La Plataforma de XCAPE podr\u00eda contener links a p\u00e1ginas web de compa\u00f1\u00edas y entidades de terceros.<\/p><p>XCAPE no puede hacerse responsable de la forma en la que estas compa\u00f1\u00edas tratan la protecci\u00f3n de la privacidad y de los datos personales, por lo que le aconsejamos que lea detenidamente las declaraciones de Pol\u00edtica de Privacidad de estas p\u00e1ginas web que no son titularidad de XCAPE con relaci\u00f3n al uso, procesamiento y protecci\u00f3n de datos personales.<\/p><p>Las condiciones que ofrecen estas p\u00e1ginas web pueden no ser las mismas que las que ofrece XCAPE.<\/p><p><strong>10.- Preguntas<\/strong><\/p><p>Si tienen alguna pregunta sobre esta Pol\u00edtica de Privacidad o el tratamiento de sus datos rogamos que se ponga en contacto con XCAPE mediante correo electr\u00f3nico dirigido a la siguiente direcci\u00f3n de correo electr\u00f3nico: <a href=\"mailto:contacto@xcapeonline.com\">contacto@xcapeonline.com<\/a>.<\/p><p><strong>11.- Aceptaci\u00f3n y Consentimiento<\/strong><\/p><p>El Usuario declara haber sido informado de las condiciones sobre protecci\u00f3n de datos personales, aceptando y consintiendo el tratamiento de estos por parte de XCAPE, en la forma y para las finalidades indicadas en la presente Pol\u00edtica de Privacidad.<\/p><p><strong>12.- Aplazame<\/strong><\/p><p>El usuario es informado de que todos sus datos de car\u00e1cter personal ser\u00e1n facilitados a Aplazame desde el momento en que el usuario haya iniciado la contrataci\u00f3n del servicio de pago aplazado ofrecido por \u00e9sta \u00faltima en el momento de elegir la forma de pago. En ese momento, el usuario pasar\u00e1 a formar parte de una base de datos de Aplazame para poder prestarle sus servicios, ser\u00e1n de aplicaci\u00f3n desde ese momento las pol\u00edticas de protecci\u00f3n de datos de Aplazame.<\/p>\t\t\t\t\t\t<\/div>\n\t\t\t\t<\/div>\n\t\t\t\t\t<\/div>\n\t\t<\/div>\n\t\t\t\t\t<\/div>\n\t\t<\/section>\n\t\t\t\t<\/div>\n\t\t","protected":false},"excerpt":{"rendered":"<p>POL\u00cdTICAS DE PRIVACIDAD 1.- \u00bfQui\u00e9n es el responsable del tratamiento de sus datos? El responsable del tratamiento de sus datos personales es XCAPE CANC\u00daN, S.L. (en adelante, \u201cXCAPE\u201d), con N.I.F. B-85233187 y domicilio social en Paseo de la Castellana 194, 28046, Madrid. Le informamos que la titularidad del dominio de nuestra web www.xcape.es (en adelante [&hellip;]<\/p>\n","protected":false},"author":1,"featured_media":0,"parent":0,"menu_order":0,"comment_status":"closed","ping_status":"closed","template":"elementor_header_footer","meta":{"content-type":"","_joinchat":[],"footnotes":""},"yoast_head":"<!-- This site is optimized with the Yoast SEO plugin v22.7 - https:\/\/yoast.com\/wordpress\/plugins\/seo\/ -->\n<title>Pol\u00edticas de Privacidad - XCAPE<\/title>\n<meta name=\"robots\" content=\"noindex, follow\" \/>\n<meta property=\"og:locale\" content=\"es_ES\" \/>\n<meta property=\"og:type\" content=\"article\" \/>\n<meta property=\"og:title\" content=\"Pol\u00edticas de Privacidad - XCAPE\" \/>\n<meta property=\"og:description\" content=\"POL\u00cdTICAS DE PRIVACIDAD 1.- \u00bfQui\u00e9n es el responsable del tratamiento de sus datos? El responsable del tratamiento de sus datos personales es XCAPE CANC\u00daN, S.L. (en adelante, \u201cXCAPE\u201d), con N.I.F. B-85233187 y domicilio social en Paseo de la Castellana 194, 28046, Madrid. Le informamos que la titularidad del dominio de nuestra web www.xcape.es (en adelante [&hellip;]\" \/>\n<meta property=\"og:url\" content=\"https:\/\/xcapeonline.com\/es\/politicas-de-privacidad\/\" \/>\n<meta property=\"og:site_name\" content=\"XCAPE\" \/>\n<meta property=\"article:publisher\" content=\"https:\/\/www.facebook.com\/XcapeOficial\/\" \/>\n<meta property=\"article:modified_time\" content=\"2026-02-23T14:08:54+00:00\" \/>\n<meta name=\"twitter:card\" content=\"summary_large_image\" \/>\n<meta name=\"twitter:site\" content=\"@_Xcape\" \/>\n<meta name=\"twitter:label1\" content=\"Tiempo de lectura\" \/>\n\t<meta name=\"twitter:data1\" content=\"7 minutos\" \/>\n<script type=\"application\/ld+json\" class=\"yoast-schema-graph\">{\"@context\":\"https:\/\/schema.org\",\"@graph\":[{\"@type\":\"WebPage\",\"@id\":\"https:\/\/xcapeonline.com\/es\/politicas-de-privacidad\/\",\"url\":\"https:\/\/xcapeonline.com\/es\/politicas-de-privacidad\/\",\"name\":\"Pol\u00edticas de Privacidad - XCAPE\",\"isPartOf\":{\"@id\":\"https:\/\/xcapeonline.com\/es\/#website\"},\"datePublished\":\"2020-01-09T16:59:57+00:00\",\"dateModified\":\"2026-02-23T14:08:54+00:00\",\"breadcrumb\":{\"@id\":\"https:\/\/xcapeonline.com\/es\/politicas-de-privacidad\/#breadcrumb\"},\"inLanguage\":\"es\",\"potentialAction\":[{\"@type\":\"ReadAction\",\"target\":[\"https:\/\/xcapeonline.com\/es\/politicas-de-privacidad\/\"]}]},{\"@type\":\"BreadcrumbList\",\"@id\":\"https:\/\/xcapeonline.com\/es\/politicas-de-privacidad\/#breadcrumb\",\"itemListElement\":[{\"@type\":\"ListItem\",\"position\":1,\"name\":\"Portada\",\"item\":\"https:\/\/xcapeonline.com\/es\/\"},{\"@type\":\"ListItem\",\"position\":2,\"name\":\"Pol\u00edticas de Privacidad\"}]},{\"@type\":\"WebSite\",\"@id\":\"https:\/\/xcapeonline.com\/es\/#website\",\"url\":\"https:\/\/xcapeonline.com\/es\/\",\"name\":\"XCAPE\",\"description\":\"Viajes de Fin de Carrera y Fin de Curso | Descubre la Experiencia\",\"publisher\":{\"@id\":\"https:\/\/xcapeonline.com\/es\/#organization\"},\"potentialAction\":[{\"@type\":\"SearchAction\",\"target\":{\"@type\":\"EntryPoint\",\"urlTemplate\":\"https:\/\/xcapeonline.com\/es\/?s={search_term_string}\"},\"query-input\":\"required name=search_term_string\"}],\"inLanguage\":\"es\"},{\"@type\":\"Organization\",\"@id\":\"https:\/\/xcapeonline.com\/es\/#organization\",\"name\":\"Xcape: Agencia de viajes para estudiantes y universitarios\",\"alternateName\":\"Xcape\",\"url\":\"https:\/\/xcapeonline.com\/es\/\",\"logo\":{\"@type\":\"ImageObject\",\"inLanguage\":\"es\",\"@id\":\"https:\/\/xcapeonline.com\/es\/#\/schema\/logo\/image\/\",\"url\":\"https:\/\/xcapeonline.com\/es\/wp-content\/uploads\/2024\/07\/logotipo-xcapeonline.jpg\",\"contentUrl\":\"https:\/\/xcapeonline.com\/es\/wp-content\/uploads\/2024\/07\/logotipo-xcapeonline.jpg\",\"width\":696,\"height\":696,\"caption\":\"Xcape: Agencia de viajes para estudiantes y universitarios\"},\"image\":{\"@id\":\"https:\/\/xcapeonline.com\/es\/#\/schema\/logo\/image\/\"},\"sameAs\":[\"https:\/\/www.facebook.com\/XcapeOficial\/\",\"https:\/\/x.com\/_Xcape\",\"https:\/\/www.instagram.com\/xcape_spain\/\",\"https:\/\/www.youtube.com\/user\/XCAPEOFICIAL\",\"https:\/\/maps.app.goo.gl\/ydnDoboY7mHHpAE86\"]}]}<\/script>\n<!-- \/ Yoast SEO plugin. -->","yoast_head_json":{"title":"Pol\u00edticas de Privacidad - XCAPE","robots":{"index":"noindex","follow":"follow"},"og_locale":"es_ES","og_type":"article","og_title":"Pol\u00edticas de Privacidad - XCAPE","og_description":"POL\u00cdTICAS DE PRIVACIDAD 1.- \u00bfQui\u00e9n es el responsable del tratamiento de sus datos? El responsable del tratamiento de sus datos personales es XCAPE CANC\u00daN, S.L. (en adelante, \u201cXCAPE\u201d), con N.I.F. B-85233187 y domicilio social en Paseo de la Castellana 194, 28046, Madrid. Le informamos que la titularidad del dominio de nuestra web www.xcape.es (en adelante [&hellip;]","og_url":"https:\/\/xcapeonline.com\/es\/politicas-de-privacidad\/","og_site_name":"XCAPE","article_publisher":"https:\/\/www.facebook.com\/XcapeOficial\/","article_modified_time":"2026-02-23T14:08:54+00:00","twitter_card":"summary_large_image","twitter_site":"@_Xcape","twitter_misc":{"Tiempo de lectura":"7 minutos"},"schema":{"@context":"https:\/\/schema.org","@graph":[{"@type":"WebPage","@id":"https:\/\/xcapeonline.com\/es\/politicas-de-privacidad\/","url":"https:\/\/xcapeonline.com\/es\/politicas-de-privacidad\/","name":"Pol\u00edticas de Privacidad - XCAPE","isPartOf":{"@id":"https:\/\/xcapeonline.com\/es\/#website"},"datePublished":"2020-01-09T16:59:57+00:00","dateModified":"2026-02-23T14:08:54+00:00","breadcrumb":{"@id":"https:\/\/xcapeonline.com\/es\/politicas-de-privacidad\/#breadcrumb"},"inLanguage":"es","potentialAction":[{"@type":"ReadAction","target":["https:\/\/xcapeonline.com\/es\/politicas-de-privacidad\/"]}]},{"@type":"BreadcrumbList","@id":"https:\/\/xcapeonline.com\/es\/politicas-de-privacidad\/#breadcrumb","itemListElement":[{"@type":"ListItem","position":1,"name":"Portada","item":"https:\/\/xcapeonline.com\/es\/"},{"@type":"ListItem","position":2,"name":"Pol\u00edticas de Privacidad"}]},{"@type":"WebSite","@id":"https:\/\/xcapeonline.com\/es\/#website","url":"https:\/\/xcapeonline.com\/es\/","name":"XCAPE","description":"Viajes de Fin de Carrera y Fin de Curso | Descubre la Experiencia","publisher":{"@id":"https:\/\/xcapeonline.com\/es\/#organization"},"potentialAction":[{"@type":"SearchAction","target":{"@type":"EntryPoint","urlTemplate":"https:\/\/xcapeonline.com\/es\/?s={search_term_string}"},"query-input":"required name=search_term_string"}],"inLanguage":"es"},{"@type":"Organization","@id":"https:\/\/xcapeonline.com\/es\/#organization","name":"Xcape: Agencia de viajes para estudiantes y universitarios","alternateName":"Xcape","url":"https:\/\/xcapeonline.com\/es\/","logo":{"@type":"ImageObject","inLanguage":"es","@id":"https:\/\/xcapeonline.com\/es\/#\/schema\/logo\/image\/","url":"https:\/\/xcapeonline.com\/es\/wp-content\/uploads\/2024\/07\/logotipo-xcapeonline.jpg","contentUrl":"https:\/\/xcapeonline.com\/es\/wp-content\/uploads\/2024\/07\/logotipo-xcapeonline.jpg","width":696,"height":696,"caption":"Xcape: Agencia de viajes para estudiantes y universitarios"},"image":{"@id":"https:\/\/xcapeonline.com\/es\/#\/schema\/logo\/image\/"},"sameAs":["https:\/\/www.facebook.com\/XcapeOficial\/","https:\/\/x.com\/_Xcape","https:\/\/www.instagram.com\/xcape_spain\/","https:\/\/www.youtube.com\/user\/XCAPEOFICIAL","https:\/\/maps.app.goo.gl\/ydnDoboY7mHHpAE86"]}]}},"_links":{"self":[{"href":"https:\/\/xcapeonline.com\/es\/wp-json\/wp\/v2\/pages\/4306"}],"collection":[{"href":"https:\/\/xcapeonline.com\/es\/wp-json\/wp\/v2\/pages"}],"about":[{"href":"https:\/\/xcapeonline.com\/es\/wp-json\/wp\/v2\/types\/page"}],"author":[{"embeddable":true,"href":"https:\/\/xcapeonline.com\/es\/wp-json\/wp\/v2\/users\/1"}],"replies":[{"embeddable":true,"href":"https:\/\/xcapeonline.com\/es\/wp-json\/wp\/v2\/comments?post=4306"}],"version-history":[{"count":38,"href":"https:\/\/xcapeonline.com\/es\/wp-json\/wp\/v2\/pages\/4306\/revisions"}],"predecessor-version":[{"id":23085,"href":"https:\/\/xcapeonline.com\/es\/wp-json\/wp\/v2\/pages\/4306\/revisions\/23085"}],"wp:attachment":[{"href":"https:\/\/xcapeonline.com\/es\/wp-json\/wp\/v2\/media?parent=4306"}],"curies":[{"name":"wp","href":"https:\/\/api.w.org\/{rel}","templated":true}]}}