{"id":4560,"date":"2020-01-27T18:47:42","date_gmt":"2020-01-27T18:47:42","guid":{"rendered":"http:\/\/xcape.innovabit.com\/?page_id=4560"},"modified":"2025-07-03T07:30:56","modified_gmt":"2025-07-03T07:30:56","slug":"aviso-legal","status":"publish","type":"page","link":"https:\/\/xcapeonline.com\/es\/aviso-legal\/","title":{"rendered":"AVISO LEGAL"},"content":{"rendered":"\t\t<div data-elementor-type=\"wp-page\" data-elementor-id=\"4560\" class=\"elementor elementor-4560\">\n\t\t\t\t\t\t<section class=\"elementor-section elementor-top-section elementor-element elementor-element-4780550 elementor-section-content-middle elementor-section-boxed elementor-section-height-default elementor-section-height-default\" data-id=\"4780550\" data-element_type=\"section\" data-settings=\"{&quot;background_background&quot;:&quot;classic&quot;}\">\n\t\t\t\t\t\t<div class=\"elementor-container elementor-column-gap-no\">\n\t\t\t\t\t<div class=\"elementor-column elementor-col-100 elementor-top-column elementor-element elementor-element-10b3fa17\" data-id=\"10b3fa17\" data-element_type=\"column\">\n\t\t\t<div class=\"elementor-widget-wrap elementor-element-populated\">\n\t\t\t\t\t\t<div class=\"elementor-element elementor-element-358c7190 elementor-invisible elementor-widget elementor-widget-heading\" data-id=\"358c7190\" data-element_type=\"widget\" data-settings=\"{&quot;_animation&quot;:&quot;fadeIn&quot;}\" data-widget_type=\"heading.default\">\n\t\t\t\t<div class=\"elementor-widget-container\">\n\t\t\t<h4 class=\"elementor-heading-title elementor-size-default\">AVISO LEGAL<\/h4>\t\t<\/div>\n\t\t\t\t<\/div>\n\t\t\t\t\t<\/div>\n\t\t<\/div>\n\t\t\t\t\t<\/div>\n\t\t<\/section>\n\t\t\t\t<section class=\"elementor-section elementor-top-section elementor-element elementor-element-9beb809 elementor-section-boxed elementor-section-height-default elementor-section-height-default\" data-id=\"9beb809\" data-element_type=\"section\">\n\t\t\t\t\t\t<div class=\"elementor-container elementor-column-gap-default\">\n\t\t\t\t\t<div class=\"elementor-column elementor-col-100 elementor-top-column elementor-element elementor-element-1de56d4\" data-id=\"1de56d4\" data-element_type=\"column\">\n\t\t\t<div class=\"elementor-widget-wrap elementor-element-populated\">\n\t\t\t\t\t\t<div class=\"elementor-element elementor-element-5d36d7a elementor-widget elementor-widget-text-editor\" data-id=\"5d36d7a\" data-element_type=\"widget\" data-widget_type=\"text-editor.default\">\n\t\t\t\t<div class=\"elementor-widget-container\">\n\t\t\t\t\t\t\t<p><b>1.- Derecho de la informaci\u00f3n<\/b><\/p><p>Le informamos de que este Sitio Web es titularidad de XCAPE CANC\u00daN, S.L. (en adelante, \u201c<b><i>XCAPE<\/i><\/b>\u201d), con N.I.F. B-85233187 y domicilio social en la Paseo de la Castellana, 194, 28046, Madrid, inscrita en el Registro Mercantil de Madrid en el tomo 24891, libro 0, folio 134, secci\u00f3n 8, hoja M-448123.<\/p><p>El acceso y\/o uso al Sitio Web le atribuye la condici\u00f3n de usuario, y acepta, desde dicho acceso y\/o uso, el presente Aviso Legal.<\/p><p>El usuario (en adelante, el \u201c<b><i>Usuario<\/i><\/b>\u201d) puede ponerse en contacto con XCAPE a trav\u00e9s de la siguiente direcci\u00f3n de correo electr\u00f3nico: <a href=\"mailto:contacto@xcapeonline.com\">contacto@xcapeonline.com<\/a>.<\/p><p><b>2.- Uso de la Plataforma <\/b><\/p><p>El Usuario asume la responsabilidad del uso del Sitio Web. El Sitio Web puede proporcionar acceso a multitud de textos, gr\u00e1ficos, dibujos, dise\u00f1os, fotograf\u00edas, contenidos multimedia, e informaciones (en adelante, \u00ab<b><i>Contenidos<\/i><\/b>\u00ab) pertenecientes a XCAPE o a terceros a los que el Usuario puede tener acceso.<\/p><p>El Usuario se compromete a hacer un uso adecuado de los Contenidos y Servicios ofrecidos a trav\u00e9s del Sitio Web y con car\u00e1cter enunciativo, pero no limitativo, a no emplearlos para:<\/p><ol><li>Incurrir en actividades il\u00edcitas, ilegales o contrarias a la buena fe y al orden p\u00fablico.<\/li><\/ol><ol start=\"2\"><li>Provocar da\u00f1os en los sistemas f\u00edsicos y l\u00f3gicos del Sitio Web de XCAPE, de sus proveedores o de terceras personas.<\/li><\/ol><ol start=\"3\"><li>Introducir o difundir en la red virus inform\u00e1ticos o cualesquiera otros sistemas f\u00edsicos o l\u00f3gicos que sean susceptibles de provocar los da\u00f1os anteriormente mencionados.<\/li><\/ol><ol start=\"4\"><li>Intentar acceder, utilizar y\/o manipular los datos de XCAPE, terceros proveedores y otros Usuarios.<\/li><\/ol><ol start=\"5\"><li>Reproducir o copiar, distribuir, permitir el acceso del p\u00fablico a trav\u00e9s de cualquier modalidad de comunicaci\u00f3n p\u00fablica, transformar o modificar los Contenidos, a menos que se cuente con la autorizaci\u00f3n de XCAPE.<\/li><\/ol><ol start=\"6\"><li>Suprimir, ocultar o manipular los Contenidos sujetos a derechos de propiedad intelectual o industrial y dem\u00e1s datos identificativos de dichos derechos de XCAPE o de terceros incorporados a los Contenidos, as\u00ed como los dispositivos t\u00e9cnicos de protecci\u00f3n o cualesquiera mecanismos de informaci\u00f3n que puedan insertarse en los Contenidos.<\/li><\/ol><p>XCAPE advierte de que los materiales contenidos en esta p\u00e1gina web han sido incluidos a mero t\u00edtulo informativo, por lo que resultan insuficientes para tomar decisiones o asumir posiciones en un caso concreto.<\/p><p>El usuario debe tener en cuenta que los materiales contenidos en esta p\u00e1gina web pudieran no reflejar el estado legislativo o jurisprudencial m\u00e1s reciente sobre las cuestiones analizadas. Asimismo, estos materiales pueden ser modificados, desarrollados o actualizados sin notificaci\u00f3n previa.<\/p><p>XCAPE tendr\u00e1 derecho a investigar y denunciar cualquiera de las conductas mencionadas de acuerdo con la Ley, as\u00ed como a colaborar con las autoridades en la investigaci\u00f3n de dichas actuaciones.<\/p><p>XCAPE podr\u00e1 suspender temporalmente y sin previo aviso, la accesibilidad al Sitio Web con motivo de operaciones de mantenimiento, reparaci\u00f3n, actualizaci\u00f3n o mejora. No obstante, siempre que las circunstancias lo permitan, XCAPE comunicar\u00e1 al Usuario, con antelaci\u00f3n suficiente, la fecha prevista para la suspensi\u00f3n de los Servicios. XCAPE no se responsabiliza del uso que los Usuarios puedan hacer de los Contenidos incluidos en el Sitio Web.<\/p><p><b>3.- Propiedad Intelectual e Industrial<\/b><\/p><p>Todos los derechos de propiedad intelectual del Contenido de este Sitio Web y su dise\u00f1o gr\u00e1fico son propiedad exclusiva de XCAPE, o bien de un tercero que ha autorizado la utilizaci\u00f3n de los mismos, por lo que es a XCAPE a quien le corresponde el ejercicio exclusivo de los derechos de explotaci\u00f3n de los mismos.<\/p><p>Por ello y en virtud de lo dispuesto en la legislaci\u00f3n aplicable en materia de Derechos de Propiedad Intelectual e Industrial.<span class=\"Apple-converted-space\">\u00a0<\/span><\/p><p>XCAPE no concede ninguna licencia o autorizaci\u00f3n de uso de ninguna clase sobre sus derechos de propiedad intelectual e industrial o sobre cualquier otra propiedad o derecho relacionado con el Sitio Web, los Servicios o los Contenidos de este.<\/p><p>Se permite la reproducci\u00f3n y almacenamiento temporal de los contenidos del sitio web en tanto ello sea estrictamente necesario para el uso y visualizaci\u00f3n del sitio web desde un ordenador personal.<\/p><p>La legitimidad de los derechos de propiedad intelectual o industrial correspondientes a los Contenidos aportados por los Usuarios es responsabilidad exclusiva de los mismos, por lo que el Usuario mantendr\u00e1 indemne a XCAPE de cualquier reclamaci\u00f3n de terceros derivada de la utilizaci\u00f3n il\u00edcita de Contenidos en el Sitio Web.<\/p><p><b>4.- Responsabilidad y Garant\u00edas<\/b><\/p><p>XCAPE declara que ha adoptado las medidas necesarias que, dentro de sus posibilidades y el estado de la tecnolog\u00eda, permitan el correcto funcionamiento de su Sitio Web, as\u00ed como la ausencia de virus y componentes da\u00f1inos. Sin embargo, XCAPE no puede hacerse responsable de:<span class=\"Apple-converted-space\">\u00a0<\/span><\/p><ol><li>La continuidad y disponibilidad de los Contenidos y Servicios.<\/li><li>La ausencia de errores en dichos Contenidos ni la correcci\u00f3n de cualquier defecto que pudiera ocurrir.<\/li><li>La ausencia de virus y\/o dem\u00e1s componentes da\u00f1inos.<\/li><li>Los da\u00f1os o perjuicios que cause cualquier persona que vulnere los sistemas de seguridad de XCAPE.<\/li><\/ol><p>Las aportaciones que se pueden encontrar en estas p\u00e1ginas se han realizado \u00fanicamente a t\u00edtulo informativo. XCAPE no garantiza la integridad, exactitud y actualidad de sus contenidos. Por ello, no son v\u00e1lidas como asesoramiento jur\u00eddico concreto en casos particulares. Las relaciones mandatarias tendr\u00e1n lugar \u00fanicamente despu\u00e9s de la confirmaci\u00f3n por escrito.<\/p><p>XCAPE no asume ninguna responsabilidad sobre los enlaces a otras p\u00e1ginas web que se encuentren en el Sitio Web, pudiendo dirigir al Usuario a otros sitios web sobre los que XCAPE no tiene ning\u00fan tipo de control, por lo que la inclusi\u00f3n de v\u00ednculos con otros sitios web no implica la aprobaci\u00f3n de sus contenidos por parte de XCAPE ni la existencia de ning\u00fan tipo de asociaci\u00f3n entre XCAPE y sus titulares. Por ello el Usuario accede bajo su exclusiva responsabilidad al Contenido y en las condiciones de uso que rijan en los mismos.<\/p><p><b><span class=\"Apple-converted-space\">\u00a0<\/span>5.- Duraci\u00f3n y modificaci\u00f3n<\/b><\/p><p>El presente Aviso Legal estar\u00e1 vigente con car\u00e1cter indefinido, pudiendo XCAPE efectuar cambios sobre las condiciones especificadas en el mismo, y que entrar\u00e1n en vigor desde el momento de su publicaci\u00f3n.<\/p><p>XCAPE podr\u00e1 suprimir, a\u00f1adir o cambiar tanto los Contenidos como los Servicios que presta, as\u00ed como tambi\u00e9n la forma en la que los mismos aparezcan localizados o presentados. Se entienden como vigentes, las condiciones que est\u00e9n publicadas en el momento en el que el Usuario acceda al Sitio Web de XCAPE.<\/p><p>El acceso y\/o el uso del Sitio Web se entender\u00e1 como una aceptaci\u00f3n por parte del Usuario del presente Aviso Legal y sus condiciones y, en su caso, los cambios efectuados en las mismas.<\/p>\t\t\t\t\t\t<\/div>\n\t\t\t\t<\/div>\n\t\t\t\t<div class=\"elementor-element elementor-element-e2bda9a elementor-align-center elementor-widget elementor-widget-button\" data-id=\"e2bda9a\" data-element_type=\"widget\" data-widget_type=\"button.default\">\n\t\t\t\t<div class=\"elementor-widget-container\">\n\t\t\t\t\t<div class=\"elementor-button-wrapper\">\n\t\t\t<a class=\"elementor-button elementor-button-link elementor-size-sm\" href=\"https:\/\/xcapeonline.com\/es\/condiciones-generales-de-contratacion\/\">\n\t\t\t\t\t\t<span class=\"elementor-button-content-wrapper\">\n\t\t\t\t\t\t\t\t\t<span class=\"elementor-button-text\">Condiciones Generales de Contrataci\u00f3n<\/span>\n\t\t\t\t\t<\/span>\n\t\t\t\t\t<\/a>\n\t\t<\/div>\n\t\t\t\t<\/div>\n\t\t\t\t<\/div>\n\t\t\t\t\t<\/div>\n\t\t<\/div>\n\t\t\t\t\t<\/div>\n\t\t<\/section>\n\t\t\t\t<\/div>\n\t\t","protected":false},"excerpt":{"rendered":"<p>AVISO LEGAL 1.- Derecho de la informaci\u00f3n Le informamos de que este Sitio Web es titularidad de XCAPE CANC\u00daN, S.L. (en adelante, \u201cXCAPE\u201d), con N.I.F. B-85233187 y domicilio social en la Paseo de la Castellana, 194, 28046, Madrid, inscrita en el Registro Mercantil de Madrid en el tomo 24891, libro 0, folio 134, secci\u00f3n 8, [&hellip;]<\/p>\n","protected":false},"author":1,"featured_media":0,"parent":0,"menu_order":0,"comment_status":"closed","ping_status":"closed","template":"elementor_header_footer","meta":{"content-type":"","_joinchat":[],"footnotes":""},"yoast_head":"<!-- This site is optimized with the Yoast SEO plugin v22.7 - https:\/\/yoast.com\/wordpress\/plugins\/seo\/ -->\n<title>AVISO LEGAL - XCAPE<\/title>\n<meta name=\"robots\" content=\"noindex, follow\" \/>\n<meta property=\"og:locale\" content=\"es_ES\" \/>\n<meta property=\"og:type\" content=\"article\" \/>\n<meta property=\"og:title\" content=\"AVISO LEGAL - XCAPE\" \/>\n<meta property=\"og:description\" content=\"AVISO LEGAL 1.- Derecho de la informaci\u00f3n Le informamos de que este Sitio Web es titularidad de XCAPE CANC\u00daN, S.L. (en adelante, \u201cXCAPE\u201d), con N.I.F. B-85233187 y domicilio social en la Paseo de la Castellana, 194, 28046, Madrid, inscrita en el Registro Mercantil de Madrid en el tomo 24891, libro 0, folio 134, secci\u00f3n 8, [&hellip;]\" \/>\n<meta property=\"og:url\" content=\"https:\/\/xcapeonline.com\/es\/aviso-legal\/\" \/>\n<meta property=\"og:site_name\" content=\"XCAPE\" \/>\n<meta property=\"article:publisher\" content=\"https:\/\/www.facebook.com\/XcapeOficial\/\" \/>\n<meta property=\"article:modified_time\" content=\"2025-07-03T07:30:56+00:00\" \/>\n<meta name=\"twitter:card\" content=\"summary_large_image\" \/>\n<meta name=\"twitter:site\" content=\"@_Xcape\" \/>\n<meta name=\"twitter:label1\" content=\"Tiempo de lectura\" \/>\n\t<meta name=\"twitter:data1\" content=\"5 minutos\" \/>\n<script type=\"application\/ld+json\" class=\"yoast-schema-graph\">{\"@context\":\"https:\/\/schema.org\",\"@graph\":[{\"@type\":\"WebPage\",\"@id\":\"https:\/\/xcapeonline.com\/es\/aviso-legal\/\",\"url\":\"https:\/\/xcapeonline.com\/es\/aviso-legal\/\",\"name\":\"AVISO LEGAL - XCAPE\",\"isPartOf\":{\"@id\":\"https:\/\/xcapeonline.com\/es\/#website\"},\"datePublished\":\"2020-01-27T18:47:42+00:00\",\"dateModified\":\"2025-07-03T07:30:56+00:00\",\"breadcrumb\":{\"@id\":\"https:\/\/xcapeonline.com\/es\/aviso-legal\/#breadcrumb\"},\"inLanguage\":\"es\",\"potentialAction\":[{\"@type\":\"ReadAction\",\"target\":[\"https:\/\/xcapeonline.com\/es\/aviso-legal\/\"]}]},{\"@type\":\"BreadcrumbList\",\"@id\":\"https:\/\/xcapeonline.com\/es\/aviso-legal\/#breadcrumb\",\"itemListElement\":[{\"@type\":\"ListItem\",\"position\":1,\"name\":\"Portada\",\"item\":\"https:\/\/xcapeonline.com\/es\/\"},{\"@type\":\"ListItem\",\"position\":2,\"name\":\"AVISO LEGAL\"}]},{\"@type\":\"WebSite\",\"@id\":\"https:\/\/xcapeonline.com\/es\/#website\",\"url\":\"https:\/\/xcapeonline.com\/es\/\",\"name\":\"XCAPE\",\"description\":\"Viajes de Fin de Carrera y Fin de Curso | Descubre la Experiencia\",\"publisher\":{\"@id\":\"https:\/\/xcapeonline.com\/es\/#organization\"},\"potentialAction\":[{\"@type\":\"SearchAction\",\"target\":{\"@type\":\"EntryPoint\",\"urlTemplate\":\"https:\/\/xcapeonline.com\/es\/?s={search_term_string}\"},\"query-input\":\"required name=search_term_string\"}],\"inLanguage\":\"es\"},{\"@type\":\"Organization\",\"@id\":\"https:\/\/xcapeonline.com\/es\/#organization\",\"name\":\"Xcape: Agencia de viajes para estudiantes y universitarios\",\"alternateName\":\"Xcape\",\"url\":\"https:\/\/xcapeonline.com\/es\/\",\"logo\":{\"@type\":\"ImageObject\",\"inLanguage\":\"es\",\"@id\":\"https:\/\/xcapeonline.com\/es\/#\/schema\/logo\/image\/\",\"url\":\"https:\/\/xcapeonline.com\/es\/wp-content\/uploads\/2024\/07\/logotipo-xcapeonline.jpg\",\"contentUrl\":\"https:\/\/xcapeonline.com\/es\/wp-content\/uploads\/2024\/07\/logotipo-xcapeonline.jpg\",\"width\":696,\"height\":696,\"caption\":\"Xcape: Agencia de viajes para estudiantes y universitarios\"},\"image\":{\"@id\":\"https:\/\/xcapeonline.com\/es\/#\/schema\/logo\/image\/\"},\"sameAs\":[\"https:\/\/www.facebook.com\/XcapeOficial\/\",\"https:\/\/x.com\/_Xcape\",\"https:\/\/www.instagram.com\/xcape_spain\/\",\"https:\/\/www.youtube.com\/user\/XCAPEOFICIAL\",\"https:\/\/maps.app.goo.gl\/ydnDoboY7mHHpAE86\"]}]}<\/script>\n<!-- \/ Yoast SEO plugin. -->","yoast_head_json":{"title":"AVISO LEGAL - XCAPE","robots":{"index":"noindex","follow":"follow"},"og_locale":"es_ES","og_type":"article","og_title":"AVISO LEGAL - XCAPE","og_description":"AVISO LEGAL 1.- Derecho de la informaci\u00f3n Le informamos de que este Sitio Web es titularidad de XCAPE CANC\u00daN, S.L. (en adelante, \u201cXCAPE\u201d), con N.I.F. B-85233187 y domicilio social en la Paseo de la Castellana, 194, 28046, Madrid, inscrita en el Registro Mercantil de Madrid en el tomo 24891, libro 0, folio 134, secci\u00f3n 8, [&hellip;]","og_url":"https:\/\/xcapeonline.com\/es\/aviso-legal\/","og_site_name":"XCAPE","article_publisher":"https:\/\/www.facebook.com\/XcapeOficial\/","article_modified_time":"2025-07-03T07:30:56+00:00","twitter_card":"summary_large_image","twitter_site":"@_Xcape","twitter_misc":{"Tiempo de lectura":"5 minutos"},"schema":{"@context":"https:\/\/schema.org","@graph":[{"@type":"WebPage","@id":"https:\/\/xcapeonline.com\/es\/aviso-legal\/","url":"https:\/\/xcapeonline.com\/es\/aviso-legal\/","name":"AVISO LEGAL - XCAPE","isPartOf":{"@id":"https:\/\/xcapeonline.com\/es\/#website"},"datePublished":"2020-01-27T18:47:42+00:00","dateModified":"2025-07-03T07:30:56+00:00","breadcrumb":{"@id":"https:\/\/xcapeonline.com\/es\/aviso-legal\/#breadcrumb"},"inLanguage":"es","potentialAction":[{"@type":"ReadAction","target":["https:\/\/xcapeonline.com\/es\/aviso-legal\/"]}]},{"@type":"BreadcrumbList","@id":"https:\/\/xcapeonline.com\/es\/aviso-legal\/#breadcrumb","itemListElement":[{"@type":"ListItem","position":1,"name":"Portada","item":"https:\/\/xcapeonline.com\/es\/"},{"@type":"ListItem","position":2,"name":"AVISO LEGAL"}]},{"@type":"WebSite","@id":"https:\/\/xcapeonline.com\/es\/#website","url":"https:\/\/xcapeonline.com\/es\/","name":"XCAPE","description":"Viajes de Fin de Carrera y Fin de Curso | Descubre la Experiencia","publisher":{"@id":"https:\/\/xcapeonline.com\/es\/#organization"},"potentialAction":[{"@type":"SearchAction","target":{"@type":"EntryPoint","urlTemplate":"https:\/\/xcapeonline.com\/es\/?s={search_term_string}"},"query-input":"required name=search_term_string"}],"inLanguage":"es"},{"@type":"Organization","@id":"https:\/\/xcapeonline.com\/es\/#organization","name":"Xcape: Agencia de viajes para estudiantes y universitarios","alternateName":"Xcape","url":"https:\/\/xcapeonline.com\/es\/","logo":{"@type":"ImageObject","inLanguage":"es","@id":"https:\/\/xcapeonline.com\/es\/#\/schema\/logo\/image\/","url":"https:\/\/xcapeonline.com\/es\/wp-content\/uploads\/2024\/07\/logotipo-xcapeonline.jpg","contentUrl":"https:\/\/xcapeonline.com\/es\/wp-content\/uploads\/2024\/07\/logotipo-xcapeonline.jpg","width":696,"height":696,"caption":"Xcape: Agencia de viajes para estudiantes y universitarios"},"image":{"@id":"https:\/\/xcapeonline.com\/es\/#\/schema\/logo\/image\/"},"sameAs":["https:\/\/www.facebook.com\/XcapeOficial\/","https:\/\/x.com\/_Xcape","https:\/\/www.instagram.com\/xcape_spain\/","https:\/\/www.youtube.com\/user\/XCAPEOFICIAL","https:\/\/maps.app.goo.gl\/ydnDoboY7mHHpAE86"]}]}},"_links":{"self":[{"href":"https:\/\/xcapeonline.com\/es\/wp-json\/wp\/v2\/pages\/4560"}],"collection":[{"href":"https:\/\/xcapeonline.com\/es\/wp-json\/wp\/v2\/pages"}],"about":[{"href":"https:\/\/xcapeonline.com\/es\/wp-json\/wp\/v2\/types\/page"}],"author":[{"embeddable":true,"href":"https:\/\/xcapeonline.com\/es\/wp-json\/wp\/v2\/users\/1"}],"replies":[{"embeddable":true,"href":"https:\/\/xcapeonline.com\/es\/wp-json\/wp\/v2\/comments?post=4560"}],"version-history":[{"count":27,"href":"https:\/\/xcapeonline.com\/es\/wp-json\/wp\/v2\/pages\/4560\/revisions"}],"predecessor-version":[{"id":20938,"href":"https:\/\/xcapeonline.com\/es\/wp-json\/wp\/v2\/pages\/4560\/revisions\/20938"}],"wp:attachment":[{"href":"https:\/\/xcapeonline.com\/es\/wp-json\/wp\/v2\/media?parent=4560"}],"curies":[{"name":"wp","href":"https:\/\/api.w.org\/{rel}","templated":true}]}}